{"id":430,"date":"2019-03-15T10:39:27","date_gmt":"2019-03-15T09:39:27","guid":{"rendered":"https:\/\/winstars.net\/es\/?page_id=430"},"modified":"2019-03-15T10:39:27","modified_gmt":"2019-03-15T09:39:27","slug":"politica-de-privacidad","status":"publish","type":"page","link":"https:\/\/winstars.net\/es\/politica-de-privacidad\/","title":{"rendered":"Pol\u00edtica de privacidad"},"content":{"rendered":"<p>Fecha efectiva: March 15, 2019<\/p>\n<p>WinStars (&#8220;nosotros&#8221;, &#8220;a nosotros&#8221;, &#8220;nuestro&#8221;) opera el sitio web https:\/\/winstars.net y la aplicaci\u00f3n m\u00f3vil WinStars (en adelante, el &#8220;Servicio&#8221;).<\/p>\n<p>Esta p\u00e1gina le informa de nuestras pol\u00edticas en materia de recopilaci\u00f3n, uso y divulgaci\u00f3n de datos personales cuando utiliza nuestro Servicio y de las opciones de las que dispone en relaci\u00f3n con esos datos.<\/p>\n<p>Utilizamos sus datos para prestarle el Servicio y mejorarlo. Al utilizar el Servicio, usted acepta la recopilaci\u00f3n y el uso de informaci\u00f3n de conformidad con esta pol\u00edtica. A menos que esta Pol\u00edtica de privacidad defina lo contrario, los t\u00e9rminos utilizados en ella tienen los mismos significados que nuestros T\u00e9rminos y Condiciones.<\/p>\n<h2>Definiciones<\/h2>\n<ul>\n<li>\n<p><strong>Servicio<\/strong><\/p>\n<p>Servicio significa el sitio web https:\/\/winstars.net y la aplicaci\u00f3n m\u00f3vil WinStars operados por WinStars<\/p>\n<\/li>\n<li>\n<p><strong>Datos personales<\/strong><\/p>\n<p>Datos personales significa los datos sobre una persona f\u00edsica viva que puede ser identificada a partir de esos datos (o con esos datos y otra informaci\u00f3n de la que dispongamos o probablemente podamos disponer).<\/p>\n<\/li>\n<li>\n<p><strong>Datos de uso<\/strong><\/p>\n<p>Datos de uso son los datos recopilados autom\u00e1ticamente, generados por el uso del Servicio o por la propia infraestructura del Servicio (por ejemplo, la duraci\u00f3n de la visita a una p\u00e1gina).<\/p>\n<\/li>\n<li>\n<p><strong>Cookies<\/strong><\/p>\n<p>Las cookies son peque\u00f1os archivos ialmacenados en su dispositivo (ordenador o dispositivo m\u00f3vil).<\/p>\n<\/li>\n<\/ul>\n<h2>Recopilaci\u00f3n y uso de la informaci\u00f3n<\/h2>\n<p>Recopilamos diferentes tipos de informaci\u00f3n con diversas finalidades para prestarle el Servicio y mejorarlo.<\/p>\n<h3>Tipos de datos recopilados<\/h3>\n<h4>Datos personales<\/h4>\n<p>Cuando utilice nuestro Servicio, es posible que le pidamos que nos proporcione determinada informaci\u00f3n personalmente identificable que podr\u00e1 ser utilizada para contactar con usted o para identificarle (&#8220;Datos personales&#8221;). La informaci\u00f3n personalmente identificable puede incluir, entre otras, la siguiente:<\/p>\n<ul>\n<li>Direcci\u00f3n de e-mail<\/li>\n<li>Nombre y apellidos<\/li>\n<li>Cookies y datos de uso<\/li>\n<\/ul>\n<h4>Datos de uso<\/h4>\n<p>Tambi\u00e9n podemos recopilar informaci\u00f3n que env\u00eda su dispositivo siempre que visita nuestro Servicio o cuando usted accede al Servicio a trav\u00e9s de un dispositivo m\u00f3vil (&#8220;Datos de uso&#8221;).<\/p>\n<p>Estos Datos de uso pueden incluir informaci\u00f3n como la direcci\u00f3n del protocolo de Internet de su ordenador (por ejemplo, direcci\u00f3n IP), tipo de navegador, versi\u00f3n del navegador, las p\u00e1ginas que visita de nuestro Servicio, la hora y la fecha de su visita, el tiempo que pasa en esas p\u00e1ginas, identificadores exclusivos de dispositivos y otros datos de diagn\u00f3stico.<\/p>\n<p>Cuando accede al Servicio econ un dispositivo m\u00f3vil, estos Datos de uso pueden incluir informaci\u00f3n como el tipo de dispositivo m\u00f3vil que utiliza, el identificador exclusivo de su dispositivo m\u00f3vil, la direcci\u00f3n de IP de su dispositivo m\u00f3vil, el sistema operativo de su dispositivo m\u00f3vil, el tipo de navegador de Internet que utiliza su dispositivo m\u00f3vil, identificadores exclusivos de dispositivos y otros datos de diagn\u00f3stico.<\/p>\n<h4>Datos de cookies y seguimiento<\/h4>\n<p>Utilizamos cookies y tecnolog\u00edas de seguimiento similares para rastrear la actividad de nuestro Servicio y mantener determinada informaci\u00f3n.<\/p>\n<p>Las cookies son archivos con una peque\u00f1a cantidad de datos que pueden incluir un identificador exclusivo an\u00f3nimo. Las cookies son enviadas a su navegador desde un sitio web y se almacenan en su dispositivo. Otras tecnolog\u00edas de seguimiento tambi\u00e9n utilizadas son balizas, etiquetas y scripts para recopilar y rastrear la informaci\u00f3n, as\u00ed como para mejorar y analizar nuestro Servicio.<\/p>\n<p>Usted puede ordenar a su navegador que rechace todas las cookies o que le avise cuando se env\u00eda una cookie. Sin embargo, si no acepta cookies, es posible que no pueda utilizar algunas partes de nuestro Servicio.<\/p>\n<p>Ejemplos de Cookies que utilizamos:<\/p>\n<ul>\n<li><strong>Cookies de sesi\u00f3n.<\/strong> Utilizamos Cookies de sesi\u00f3n para operar nuestro Servicio.<\/li>\n<li><strong>Cookies de preferencia.<\/strong> Utilizamos Cookies de preferencia para recordar sus preferencias y diversos ajustes.<\/li>\n<li><strong>Cookies de seguridad.<\/strong> Utilizamos Cookies de seguridad para fines de seguridad.<\/li>\n<\/ul>\n<h2>Uso de datos<\/h2>\n<p>WinStars utiliza los datos recopilados con diversas finalidades:<\/p>\n<ul>\n<li>Suministrar y mantener nuestro Servicio<\/li>\n<li>Notificarle cambios en nuestro Servicio<\/li>\n<li>Permitirle participar en funciones interactivas de nuestro Servicio cuando decida hacerlo<\/li>\n<li>Prestar asistencia al cliente<\/li>\n<li>Recopilar an\u00e1lisis o informaci\u00f3n valiosa que nos permitan mejorar nuestro Servicio<\/li>\n<li>Controlar el uso de nuestro Servicio<\/li>\n<li>Detectar, evitar y abordar problemas t\u00e9cnicos<\/li>\n<\/ul>\n<h2>Transferencia de datos<\/h2>\n<p>Su informaci\u00f3n, incluyendo Datos personales, puede ser transferida a \u2014y mantenida en\u2014 ordenadores localizados fuera de su estado, provincia, pa\u00eds u otra jurisdicci\u00f3n gubernamental donde las leyes de protecci\u00f3n de datos pueden diferir de las de su jurisdicci\u00f3n.<\/p>\n<p>Si usted se encuentra fuera de France y decide facilitarnos informaci\u00f3n, tenga en cuenta que nosotros transferimos los datos, incluyendo Datos personales, a France y que los tratamos all\u00ed.<\/p>\n<p>Su aceptaci\u00f3n de esta Pol\u00edtica de privacidad seguida de su env\u00edo de esta informaci\u00f3n representa que est\u00e1 de acuerdo con dicha transferencia.<\/p>\n<p>WinStars emprender\u00e1 todas las medidas razonables necesarias para garantizar que sus datos sean tratados de forma segura y de conformidad con esta Pol\u00edtica de privacidad y no se realizar\u00e1 ninguna transferencia de sus Datos personales a una organizaci\u00f3n o pa\u00eds, salvo que existan unos controles adecuados establecidos incluyendo la seguridad de sus datos y otra informaci\u00f3n personal.<\/p>\n<h2>Divulgaci\u00f3n de datos<\/h2>\n<h3>Requisitos legales<\/h3>\n<p>WinStars puede divulgar sus Datos personales de buena fe cuando considere que esta acci\u00f3n es necesaria para lo siguiente:<\/p>\n<ul>\n<li>Cumplir una obligaci\u00f3n legal<\/li>\n<li>Proteger y defender los derechos o bienes de WinStars<\/li>\n<li>Prevenir o investigar posibles infracciones en relaci\u00f3n con el Servicio<\/li>\n<li>Proteger la seguridad personal de usuarios del Servicio o del p\u00fablico<\/li>\n<li>Protegerse frente a consecuencias legales<\/li>\n<\/ul>\n<h2>Seguridad de los datos<\/h2>\n<p>La seguridad de sus datos es importante para nosotros, pero recuerde que ning\u00fan m\u00e9todo de transmisi\u00f3n por Internet o m\u00e9todo de almacenamiento electr\u00f3nico resulta 100% seguro. A pesar de que nos esforzamos por utilizar medios comercialmente aceptables para proteger sus Datos personales, no podemos garantizar su seguridad absoluta.<\/p>\n<h2>Proveedores de servicios<\/h2>\n<p>Podemos contratar a personas f\u00edsicas y jur\u00eddicas terceras para facilitar nuestro Servicio (&#8220;Proveedores de servicios&#8221;), para que presten el Servicio en nuestro nombre, para que suministren servicios relacionados con el Servicio o para que nos ayuden a analizar c\u00f3mo se utiliza nuestro Servicio.<\/p>\n<p>Estos terceros tienen acceso a sus Datos personales \u00fanicamente para realizar estas tareas en nuestro nombre y est\u00e1n obligados a no divulgarlos ni utilizarlos con ning\u00fan otro fin.<\/p>\n<h3>An\u00e1lisis<\/h3>\n<p>Podemos utilizar Proveedores de servicios terceros para controlar y analizar el uso de nuestro Servicio.<\/p>\n<ul>\n<li>\n<p><strong>Google Analytics<\/strong><\/p>\n<p>Google Analytics es un servicio de anal\u00edtica web ofrecido por Google que rastrea e informa del tr\u00e1fico de los sitios web. Google utiliza los datos recopilados para rastrear y controlar el uso de nuestro Servicio. Estos datos son compartidos con otros servicios de Google. Google puede utilizar los datos recopilados para contextualizar y personalizar los anuncios de su propia red de publicidad.<\/p>\n<p>Para m\u00e1s informaci\u00f3n sobre las pr\u00e1cticas de privacidad de Google, visite la p\u00e1gina web de Privacidad y Condiciones de Google: <a href=\"https:\/\/policies.google.com\/privacy?hl=en\">https:\/\/policies.google.com\/privacy?hl=en<\/a><\/p>\n<\/li>\n<li>\n<p><strong>Piwik \/ Matomo<\/strong><\/p>\n<p>Piwik o Matomo es un servicio de anal\u00edtica web. Puede visitar la p\u00e1gina de su Pol\u00edtica de privacidad aqu\u00ed: <a href=\"https:\/\/matomo.org\/privacy-policy\">https:\/\/matomo.org\/privacy-policy<\/a><\/p>\n<\/li>\n<\/ul>\n<h2>Enlaces a otros sitios<\/h2>\n<p>Nuestro Servicio puede contener enlaces a otros sitios no operados por nosotros. Si hace clic en el enlace de un tercero, ser\u00e1 dirigido al sitio de ese tercero. Le recomendamos encarecidamente que revise la Pol\u00edtica de privacidad de todos los sitios que visite.<\/p>\n<p>No tenemos ning\u00fan control ni asumimos responsabilidad alguna con respecto al contenido, las pol\u00edticas o pr\u00e1cticas de privacidad de sitios o servicios de terceros.<\/p>\n<h2>Privacidad del menor<\/h2>\n<p>Nuestro servicio no est\u00e1 dirigido a ning\u00fan menor de 18 a\u00f1os (en adelante, &#8220;Menor&#8221;).<\/p>\n<p>No recopilamos de forma consciente informaci\u00f3n personalmente identificable de menores de 18 a\u00f1os. Si es usted un padre\/madre o tutor y tiene conocimiento de que su hijo nos ha facilitado Datos personales, contacte con nosotros. Si tenemos conocimiento de que hemos recopilado Datos personales de menores sin verificaci\u00f3n del consentimiento parental, tomamos medidas para eliminar esa informaci\u00f3n de nuestros servidores.<\/p>\n<h2>Cambios en esta Pol\u00edtica de privacidad<\/h2>\n<p>Podemos actualizar nuestra Pol\u00edtica de privacidad peri\u00f3dicamente. Le notificaremos cualquier cambio publicando la nueva Pol\u00edtica de privacidad en esta p\u00e1gina.<\/p>\n<p>Le informaremos a trav\u00e9s del e-mail y\/o de un aviso destacado sobre nuestro Servicio antes de que el cambio entre en vigor y actualizaremos la \u00abfecha efectiva\u00bb en la parte superior de esta Pol\u00edtica de privacidad.<\/p>\n<p>Le recomendamos que revise esta Pol\u00edtica de privacidad peri\u00f3dicamente para comprobar si se ha introducido alg\u00fan cambio. Los cambios en esta Pol\u00edtica de privacidad entran en vigor cuando se publican en esta p\u00e1gina.<\/p>\n<h2>Contacte con nosotros<\/h2>\n<p>Si tiene alguna pregunta sobre esta Pol\u00edtica de privacidad, contacte con nosotros:<\/p>\n<ul>\n<li>Por e-mail: support@winstars.net<\/li>\n<\/ul>\n","protected":false},"excerpt":{"rendered":"<p>Fecha efectiva: March 15, 2019 WinStars (&#8220;nosotros&#8221;, &#8220;a nosotros&#8221;, &#8220;nuestro&#8221;) opera el sitio web https:\/\/winstars.net y la aplicaci\u00f3n m\u00f3vil WinStars (en adelante, el &#8220;Servicio&#8221;). Esta p\u00e1gina le informa de nuestras pol\u00edticas en materia de recopilaci\u00f3n, uso y divulgaci\u00f3n de datos personales cuando utiliza nuestro Servicio y de las opciones de las que dispone en relaci\u00f3n &hellip; <\/p>\n<p class=\"link-more\"><a href=\"https:\/\/winstars.net\/es\/politica-de-privacidad\/\" class=\"more-link\">Continuar leyendo<span class=\"screen-reader-text\"> &#8220;Pol\u00edtica de privacidad&#8221;<\/span><\/a><\/p>\n","protected":false},"author":1,"featured_media":0,"parent":0,"menu_order":0,"comment_status":"closed","ping_status":"closed","template":"","meta":{"footnotes":""},"class_list":["post-430","page","type-page","status-publish","hentry"],"_links":{"self":[{"href":"https:\/\/winstars.net\/es\/wp-json\/wp\/v2\/pages\/430","targetHints":{"allow":["GET"]}}],"collection":[{"href":"https:\/\/winstars.net\/es\/wp-json\/wp\/v2\/pages"}],"about":[{"href":"https:\/\/winstars.net\/es\/wp-json\/wp\/v2\/types\/page"}],"author":[{"embeddable":true,"href":"https:\/\/winstars.net\/es\/wp-json\/wp\/v2\/users\/1"}],"replies":[{"embeddable":true,"href":"https:\/\/winstars.net\/es\/wp-json\/wp\/v2\/comments?post=430"}],"version-history":[{"count":1,"href":"https:\/\/winstars.net\/es\/wp-json\/wp\/v2\/pages\/430\/revisions"}],"predecessor-version":[{"id":431,"href":"https:\/\/winstars.net\/es\/wp-json\/wp\/v2\/pages\/430\/revisions\/431"}],"wp:attachment":[{"href":"https:\/\/winstars.net\/es\/wp-json\/wp\/v2\/media?parent=430"}],"curies":[{"name":"wp","href":"https:\/\/api.w.org\/{rel}","templated":true}]}}