{"id":28,"date":"2017-11-16T10:26:57","date_gmt":"2017-11-16T09:26:57","guid":{"rendered":"https:\/\/winstars.net\/es\/?page_id=28"},"modified":"2025-01-19T17:04:41","modified_gmt":"2025-01-19T16:04:41","slug":"descarga","status":"publish","type":"page","link":"https:\/\/winstars.net\/es\/descarga\/","title":{"rendered":"Descargar"},"content":{"rendered":"<h1><strong>Windows 7\/8.1\/10\/11<\/strong><\/h1>\n<p style=\"padding-left: 30px;\">Versi\u00f3n 3.0.304 (14\/01\/2025):<\/p>\n<ul>\n<li style=\"list-style-type: none;\">\n<ul>\n<li style=\"list-style-type: none;\">\n<ul>\n<li>version x64 (Windows 10 &amp; 11)<br \/>\n<a href=\"https:\/\/winstars.net\/files\/version3\/winstars_installer.exe\">https:\/\/winstars.net\/files\/version3\/winstars_installer.exe<br \/>\n<\/a><\/li>\n<\/ul>\n<\/li>\n<li style=\"list-style-type: none;\">\u00a0\n<ul>\n<li>version x86 (Windows 7, 8.1, 10 &amp; 11)<br \/>\n<a href=\"https:\/\/winstars.net\/files\/version3\/winstars_installer_x86.exe\">https:\/\/winstars.net\/files\/version3\/winstars_installer_x86.exe<\/a><br \/>\n<em>No se recomienda. Para utilizar en una configuraci\u00f3n antigua o si tiene problemas de compatibilidad con la versi\u00f3n x64.<\/em><\/li>\n<\/ul>\n<\/li>\n<\/ul>\n<\/li>\n<\/ul>\n<p style=\"padding-left: 30px;\">Si el programa indica que experimenta un problema con la conexi\u00f3n a Internet, consulte el <a href=\"https:\/\/winstars.net\/docs\/en\/faq\/faq.html#startup-problems\">siguiente enlace<\/a>.<\/p>\n<p style=\"padding-left: 30px;\">Para actualizar su versi\u00f3n actual, ejecute la herramienta MaintenanceTools.exe ubicada en el directorio c:\\Program files\\winstars3 y seleccione la opci\u00f3n &#8220;actualizar&#8221;.<\/p>\n<h1><strong>Android<\/strong><\/h1>\n<p style=\"padding-left: 30px;\"><a href=\"https:\/\/winstars.net\/es\/2025\/01\/19\/abandonar-las-redes-sociales-y-el-ecosistema-de-los-gafam\/\">WinStars 3 ya no est\u00e1 disponible en la tienda Google Play.<\/a><\/p>\n<p style=\"padding-left: 30px;\">Descargue el archivo APK correspondiente al procesador de su dispositivo y haga clic en el archivo para iniciar la instalaci\u00f3n:<\/p>\n<ul>\n<li style=\"list-style-type: none;\">\n<ul>\n<li style=\"list-style-type: none;\">\n<ul>\n<li style=\"list-style-type: none;\">\n<ul>\n<li><a href=\"https:\/\/winstars.net\/files\/version3\/armeabi-v7a.apk\">armeabi-v7a<\/a><\/li>\n<li><a href=\"https:\/\/winstars.net\/files\/version3\/arm64-v8a.apk\">arm64-v8a<\/a><\/li>\n<li><a href=\"https:\/\/winstars.net\/files\/version3\/x86.apk\">x86<\/a><\/li>\n<li><a href=\"https:\/\/winstars.net\/files\/version3\/x86_64.apk\">x86_64<\/a><\/li>\n<\/ul>\n<\/li>\n<\/ul>\n<\/li>\n<\/ul>\n<\/li>\n<\/ul>\n<p style=\"padding-left: 30px;\">Para instalar el programa en su dispositivo m\u00f3vil, deber\u00e1 activar el permiso para instalar desde fuentes desconocidas. Estos archivos han sido verificados con el software antivirus <a href=\"https:\/\/www.bitdefender.com\">BitDefender<\/a> antes de ser subidos a este servidor.<\/p>\n<h1><strong>macOS X &amp; iOS<br \/>\n<\/strong><\/h1>\n<p style=\"padding-left: 30px;\">Debido al abandono por parte de Apple de los procesadores x86, ya no puedo compilar el proyecto. <br \/>\nPor lo tanto, W3 ya no es compatible con macOS &amp; iOS.<\/p>\n<h1><strong>Ubuntu 20.04 x64 LTS y versiones posteriores<br \/>\n<\/strong><\/h1>\n<p style=\"padding-left: 30px;\">Versi\u00f3n 3.0.304 (14\/01\/2025):<\/p>\n<p style=\"padding-left: 30px;\">Por favor, siga las <a href=\"https:\/\/winstars.net\/es\/instalacion-en-linux\/\">instrucciones de instalaci\u00f3n.<\/a><\/p>\n<h1><strong>Raspberry Pi OS 64 bits Bookworm<br \/>\n<\/strong><\/h1>\n<p style=\"padding-left: 30px;\">Versi\u00f3n 3.0.304 (14\/01\/2025):<\/p>\n<p style=\"padding-left: 30px;\">Por favor, siga las <a href=\"https:\/\/winstars.net\/es\/847-2\/\">instrucciones de instalaci\u00f3n.<\/a><\/p>\n<p style=\"padding-left: 30px; text-align: left;\">\u00a0<\/p>\n<hr \/>\n<p><a href=\"https:\/\/winstars.net\/es\/historial-de-las-revisiones\/\"> Historial de las revisiones<\/a><\/p>\n","protected":false},"excerpt":{"rendered":"<p>Windows 7\/8.1\/10\/11 Versi\u00f3n 3.0.304 (14\/01\/2025): version x64 (Windows 10 &amp; 11) https:\/\/winstars.net\/files\/version3\/winstars_installer.exe \u00a0 version x86 (Windows 7, 8.1, 10 &amp; 11) https:\/\/winstars.net\/files\/version3\/winstars_installer_x86.exe No se recomienda. Para utilizar en una configuraci\u00f3n antigua o si tiene problemas de compatibilidad con la versi\u00f3n x64. Si el programa indica que experimenta un problema con la conexi\u00f3n a Internet, consulte &hellip; <\/p>\n<p class=\"link-more\"><a href=\"https:\/\/winstars.net\/es\/descarga\/\" class=\"more-link\">Continuar leyendo<span class=\"screen-reader-text\"> &#8220;Descargar&#8221;<\/span><\/a><\/p>\n","protected":false},"author":1,"featured_media":1026,"parent":0,"menu_order":0,"comment_status":"closed","ping_status":"closed","template":"","meta":{"footnotes":""},"class_list":["post-28","page","type-page","status-publish","has-post-thumbnail","hentry"],"_links":{"self":[{"href":"https:\/\/winstars.net\/es\/wp-json\/wp\/v2\/pages\/28","targetHints":{"allow":["GET"]}}],"collection":[{"href":"https:\/\/winstars.net\/es\/wp-json\/wp\/v2\/pages"}],"about":[{"href":"https:\/\/winstars.net\/es\/wp-json\/wp\/v2\/types\/page"}],"author":[{"embeddable":true,"href":"https:\/\/winstars.net\/es\/wp-json\/wp\/v2\/users\/1"}],"replies":[{"embeddable":true,"href":"https:\/\/winstars.net\/es\/wp-json\/wp\/v2\/comments?post=28"}],"version-history":[{"count":288,"href":"https:\/\/winstars.net\/es\/wp-json\/wp\/v2\/pages\/28\/revisions"}],"predecessor-version":[{"id":1332,"href":"https:\/\/winstars.net\/es\/wp-json\/wp\/v2\/pages\/28\/revisions\/1332"}],"wp:featuredmedia":[{"embeddable":true,"href":"https:\/\/winstars.net\/es\/wp-json\/wp\/v2\/media\/1026"}],"wp:attachment":[{"href":"https:\/\/winstars.net\/es\/wp-json\/wp\/v2\/media?parent=28"}],"curies":[{"name":"wp","href":"https:\/\/api.w.org\/{rel}","templated":true}]}}