{"id":20,"date":"2017-11-15T13:10:37","date_gmt":"2017-11-15T12:10:37","guid":{"rendered":"https:\/\/winstars.net\/es\/?page_id=20"},"modified":"2023-09-13T14:57:19","modified_gmt":"2023-09-13T12:57:19","slug":"caracteristicas","status":"publish","type":"page","link":"https:\/\/winstars.net\/es\/caracteristicas\/","title":{"rendered":"Caracter\u00edsticas"},"content":{"rendered":"<p><iframe loading=\"lazy\" src=\"\/\/www.youtube.com\/embed\/46Sq7P_CaE0\" width=\"560\" height=\"315\" frameborder=\"0\" allowfullscreen=\"allowfullscreen\"><\/iframe><\/p>\n<ul>\n<li>Visualice el cielo tal como era hace 500 a\u00f1os o como ser\u00e1 dentro de 10,000 a\u00f1os.<\/li>\n<li>Oriente su m\u00f3vil o tableta hacia el cielo estrellado. WinStars le ayudar\u00e1 a identificar los objetos que est\u00e1 apuntando.<\/li>\n<li>Si busca un objeto en particular, simplemente escriba su nombre y el software lo guiar\u00e1 hasta \u00e9l.<\/li>\n<li>WinStars tambi\u00e9n le proporciona acceso a mucha informaci\u00f3n sobre cada objeto.<\/li>\n<li>El software maneja telescopios compatibles con ASCOM (Windows) e INDI (Linux y macOS). Haga clic en un objeto y WinStars se encargar\u00e1 de apuntarlo y seguirlo.<\/li>\n<li>El software tiene una enorme base de datos de miles de millones de objetos.<\/li>\n<li>Tambi\u00e9n puede seguir los sat\u00e9lites en \u00f3rbita alrededor de la Tierra y prever, por ejemplo, la visibilidad de la Estaci\u00f3n Espacial Internacional.<\/li>\n<li>WinStars muestra con precisi\u00f3n la posici\u00f3n de los principales sat\u00e9lites de Marte, J\u00fapiter, Saturno, Urano y Neptuno.<\/li>\n<li>El software contiene cientos de miles de cometas y asteroides.<\/li>\n<li>Puede localizar en tiempo real las misiones interplanetarias (Voyager 2, Pioneer 10, etc.).<\/li>\n<li>Acceda a la lista de todos los exoplanetas conocidos.<\/li>\n<li>El programa calcula los fen\u00f3menos astron\u00f3micos destacados visibles desde su lugar de observaci\u00f3n.<\/li>\n<li>Trace el ecuador celeste, la ecl\u00edptica, las rejillas de coordenadas azimutales y ecuatoriales.<\/li>\n<li>Muestre las \u00f3rbitas de los planetas en 3D.<\/li>\n<li>Instalaci\u00f3n simplificada de m\u00f3dulos adicionales.<\/li>\n<li>Un modo nocturno est\u00e1 disponible para no ser molestado por el brillo de la pantalla.<\/li>\n<li>Se pueden descargar paisajes adicionales (esf\u00e9ricos o en 3D).<\/li>\n<li>Manual del usuario en ingl\u00e9s o franc\u00e9s.<\/li>\n<li>Los idiomas disponibles son alem\u00e1n, ingl\u00e9s, b\u00falgaro, espa\u00f1ol, franc\u00e9s y ruso.<\/li>\n<\/ul>\n<p>Otras funcionalidades disponibles:<\/p>\n<ul>\n<li>Integre el cat\u00e1logo Gaia EDR3 con 1.7 mil millones de estrellas, hasta la magnitud 22 (se requiere conexi\u00f3n a internet). El software carga solo los datos necesarios y completa de manera din\u00e1mica la porci\u00f3n del cielo que est\u00e1 observando.<\/li>\n<li>A\u00f1ada una gran cantidad de objetos celestes (m\u00e1s de 100,000 galaxias, nebulosas, c\u00famulos, p\u00falsares, qu\u00e1sares).<\/li>\n<li>Explore las estrellas vecinas de nuestro Sol.<\/li>\n<li>Viaje m\u00e1s all\u00e1 de la V\u00eda L\u00e1ctea y descubra otras galaxias y las grandes estructuras de nuestro Universo.<\/li>\n<li>Disfrute de un renderizado 3D de las superficies planetarias con texturas mejoradas. Sobrevuele monta\u00f1as y cr\u00e1teres lunares, o mu\u00e9vase sobre la superficie de la Tierra, la Luna o Marte. Tenga en cuenta que su dispositivo debe ser compatible con el est\u00e1ndar OpenGL 4.1 o superior (o OpenGL ES 3.2 o superior para tabletas y m\u00f3viles).<\/li>\n<li>Visualice cientos de cometas y asteroides en 3D.<\/li>\n<li>Muestre el cielo digitalizado DSS (Digitized Sky Survey) en varias frecuencias.<\/li>\n<li>Android &amp; iOS: Disfrute de texturas mejoradas para los paisajes y el fondo celeste.<\/li>\n<li>M\u00e1s misiones interplanetarias.<\/li>\n<\/ul>\n","protected":false},"excerpt":{"rendered":"<p>Visualice el cielo tal como era hace 500 a\u00f1os o como ser\u00e1 dentro de 10,000 a\u00f1os. Oriente su m\u00f3vil o tableta hacia el cielo estrellado. WinStars le ayudar\u00e1 a identificar los objetos que est\u00e1 apuntando. Si busca un objeto en particular, simplemente escriba su nombre y el software lo guiar\u00e1 hasta \u00e9l. WinStars tambi\u00e9n le &hellip; <\/p>\n<p class=\"link-more\"><a href=\"https:\/\/winstars.net\/es\/caracteristicas\/\" class=\"more-link\">Continuar leyendo<span class=\"screen-reader-text\"> &#8220;Caracter\u00edsticas&#8221;<\/span><\/a><\/p>\n","protected":false},"author":1,"featured_media":1038,"parent":0,"menu_order":0,"comment_status":"closed","ping_status":"closed","template":"","meta":{"footnotes":""},"class_list":["post-20","page","type-page","status-publish","has-post-thumbnail","hentry"],"_links":{"self":[{"href":"https:\/\/winstars.net\/es\/wp-json\/wp\/v2\/pages\/20","targetHints":{"allow":["GET"]}}],"collection":[{"href":"https:\/\/winstars.net\/es\/wp-json\/wp\/v2\/pages"}],"about":[{"href":"https:\/\/winstars.net\/es\/wp-json\/wp\/v2\/types\/page"}],"author":[{"embeddable":true,"href":"https:\/\/winstars.net\/es\/wp-json\/wp\/v2\/users\/1"}],"replies":[{"embeddable":true,"href":"https:\/\/winstars.net\/es\/wp-json\/wp\/v2\/comments?post=20"}],"version-history":[{"count":41,"href":"https:\/\/winstars.net\/es\/wp-json\/wp\/v2\/pages\/20\/revisions"}],"predecessor-version":[{"id":1276,"href":"https:\/\/winstars.net\/es\/wp-json\/wp\/v2\/pages\/20\/revisions\/1276"}],"wp:featuredmedia":[{"embeddable":true,"href":"https:\/\/winstars.net\/es\/wp-json\/wp\/v2\/media\/1038"}],"wp:attachment":[{"href":"https:\/\/winstars.net\/es\/wp-json\/wp\/v2\/media?parent=20"}],"curies":[{"name":"wp","href":"https:\/\/api.w.org\/{rel}","templated":true}]}}