{"id":137,"date":"2018-01-17T15:29:19","date_gmt":"2018-01-17T14:29:19","guid":{"rendered":"https:\/\/winstars.net\/es\/?page_id=137"},"modified":"2025-01-15T12:13:12","modified_gmt":"2025-01-15T11:13:12","slug":"historial-de-las-revisiones","status":"publish","type":"page","link":"https:\/\/winstars.net\/es\/historial-de-las-revisiones\/","title":{"rendered":"Historial de las revisiones"},"content":{"rendered":"<h1>Versi\u00f3n 3.0.304 (14\/01\/2025)<\/h1>\n<ul>\n<li>Varias correcciones y mejoras.<\/li>\n<\/ul>\n<h1>Versi\u00f3n 3.0.301 (28\/12\/2023)<\/h1>\n<ul>\n<li>Varias correcciones y mejoras.<\/li>\n<\/ul>\n<h1>Versi\u00f3n 3.0.293 (20\/10\/2023)<\/h1>\n<ul>\n<li>Todas las compilaciones utilizan Qt 6.5 (excepto la versi\u00f3n para Windows x86, que se mantiene en Qt 5.11 por razones de compatibilidad).<\/li>\n<li>Mejor gesti\u00f3n de los sat\u00e9lites artificiales.<\/li>\n<li>El programa gestiona ya 40.000 asteroides.<\/li>\n<\/ul>\n<h1>Versi\u00f3n 3.0.292 (13\/09\/2023)<\/h1>\n<ul>\n<li>\u00a1WinStars 3 ya es gratis!<\/li>\n<\/ul>\n<h1>Versi\u00f3n 3.0.287 (17\/06\/2023)<\/h1>\n<ul>\n<li>Dispersi\u00f3n Rayleigh para una representaci\u00f3n m\u00e1s realista de la atm\u00f3sfera.<\/li>\n<li>Visualizaci\u00f3n de las \u00f3rbitas de los planetas en modo planetario.<\/li>\n<li>Ajuste manual del brillo del fondo del cielo.<\/li>\n<li>Qt 5.15.9 en todas las plataformas.<\/li>\n<\/ul>\n<h1>Versi\u00f3n 3.0.286 (05\/06\/2023)<\/h1>\n<ul>\n<li>Android: \u00a1prueba todas las funciones de W3 durante 24 horas!<\/li>\n<li>Android: Qt 5.15.9<\/li>\n<\/ul>\n<h1>Versi\u00f3n 3.0.286 (16\/04\/2023)<\/h1>\n<ul>\n<li>El telescopio Hubble recupera su orientaci\u00f3n en tiempo real en W3.<\/li>\n<\/ul>\n<h1>Versi\u00f3n 3.0.284 (02\/04\/2023)<\/h1>\n<ul>\n<li>Android &amp; iOS: Eliminaci\u00f3n de la funci\u00f3n &#8220;video&#8221;, finalmente innecesaria y que requiere demasiados permisos.<\/li>\n<\/ul>\n<h1>Versi\u00f3n 3.0.281 (26\/03\/2023)<\/h1>\n<ul>\n<li>Mejora en la apariencia de las estrellas en el modo de &#8220;Navegaci\u00f3n 3D&#8221; (activar el m\u00f3dulo &#8220;star3d&#8221;).<\/li>\n<li>Diversas mejoras.<\/li>\n<\/ul>\n<h1>Versi\u00f3n 3.0.276 (02\/03\/2023)<\/h1>\n<ul>\n<li>Reorganizaci\u00f3n de las noticias cient\u00edficas en la caja &#8220;Presentaci\u00f3n&#8221;.<\/li>\n<\/ul>\n<h1>Versi\u00f3n 3.0.273 (05\/02\/2023)<\/h1>\n<ul>\n<li>Android &amp; iOS: nueva opci\u00f3n en el submen\u00fa 3d que permite mejorar las texturas principales del programa (paisajes, fondo de cielo etc&#8230;).<\/li>\n<\/ul>\n<h1>Versi\u00f3n 3.0.270 (15\/12\/2022)<\/h1>\n<ul>\n<li>Acceda a las noticias astron\u00f3micas haciendo clic en los s\u00edmbolos<em><strong> i<\/strong> <\/em>que aparecen ahora en los mapas.<\/li>\n<li>Soluciona un problema que afectaba a la descarga de los datos GaiaEDR3.<\/li>\n<\/ul>\n<h1>Versi\u00f3n 3.0.269 (23\/11\/2022)<\/h1>\n<ul>\n<li>Primeros paisajes en 3D (se puede moverse con la combinaci\u00f3n de teclas SHIFT+flechas direccionales).<\/li>\n<li>Actualizaci\u00f3n de la trayectoria de Artemis I.<\/li>\n<\/ul>\n<h1>Versi\u00f3n 3.0.268 (18\/11\/2022)<\/h1>\n<ul>\n<li>Presentaci\u00f3n de todos los exoplanetas conocidos (por el momento son visibles \u00fanicamente en el modo planetario. Es posible obtener la lista completa escribiendo <em><strong>list exo<\/strong><\/em> en el cuadro de b\u00fasqueda).<\/li>\n<li>Misi\u00f3n Artemis 1.<\/li>\n<li>Varias mejoras.<\/li>\n<\/ul>\n<h1>Versi\u00f3n 3.0.263 (25\/10\/2022)<\/h1>\n<ul>\n<li>Actualizaci\u00f3n de Qt (versi\u00f3n 6.4).<\/li>\n<li>Correcci\u00f3n de errores.<\/li>\n<\/ul>\n<h1>Versi\u00f3n 3.0.261 (02\/07\/2022)<\/h1>\n<ul>\n<li>La V\u00eda L\u00e1ctea un poco m\u00e1s brillante. M\u00e1s estrellas visibles al mismo tiempo (Android o iOS: restablecer la configuraci\u00f3n para obtener mejores resultados).<\/li>\n<\/ul>\n<h1>Versi\u00f3n 3.0.258 (24\/06\/2022)<\/h1>\n<ul>\n<li>Adici\u00f3n de un &#8220;thread&#8221; para cargar las texturas m\u00e1s r\u00e1pidamente.<\/li>\n<\/ul>\n<h1>Versi\u00f3n 3.0.254 (14\/06\/2022)<\/h1>\n<ul>\n<li>Nuevos cat\u00e1logos del cielo profundo (m\u00e1s de 100.000 objetos adicionales).<\/li>\n<li>Posibilidad de encontrar un objeto de cielo profundo introduci\u00e9ndolo en la caja de b\u00fasqueda &#8211; estos son unos ejemplos &#8211; Messier 1, M 13, NGC 1305, C 875, B 123, LDN 165, LBN 132, PGC 123343&#8230;<\/li>\n<\/ul>\n<h1>Versi\u00f3n 3.0.253 (03\/06\/2022)<\/h1>\n<ul>\n<li>C\u00e1lculos mejorados de la posici\u00f3n de los objetos.<\/li>\n<li>Nuevas optimizaciones.<\/li>\n<\/ul>\n<h1>Versi\u00f3n 3.0.251 (30\/05\/2022)<\/h1>\n<ul>\n<li>Ahora es posible desplazarse en la superficie de Marte, de la Luna y de la Tierra.<\/li>\n<\/ul>\n<h1>Versi\u00f3n 3.0.248 (14\/05\/2022)<\/h1>\n<ul>\n<li>Mejor integraci\u00f3n de los cat\u00e1logos 280b y GaiaEDR3.<\/li>\n<li>Actualizaci\u00f3n del cat\u00e1logo OpenNGC.<\/li>\n<li>Actualizaci\u00f3n de la biblioteca Qt (5.15.4).<\/li>\n<li>Nuevas etiquetas disponibles para las estrellas (n\u00fameros HD y HIP).<\/li>\n<li>Muchas mejoras.<\/li>\n<\/ul>\n<h1>Versi\u00f3n 3.0.244 (30\/04\/2022)<\/h1>\n<ul>\n<li>Mejora significativa de la funci\u00f3n DSS (Digitized Sky Survey).<\/li>\n<li>Creaci\u00f3n de un servidor cach\u00e9 para acelerar la descarga de las im\u00e1genes DSS y de las estrellas del cat\u00e1logo Gaia EDR3.<\/li>\n<\/ul>\n<h1>Versi\u00f3n 3.0.243 (23\/03\/2022)<\/h1>\n<ul>\n<li>Mejora de la precisi\u00f3n de las posiciones de los sat\u00e9lites de Marte, J\u00fapiter, Saturno y Urano.<\/li>\n<li>Incorporaci\u00f3n de los peque\u00f1os sat\u00e9lites Calypso, Helena y Telesto alrededor de Saturno.<\/li>\n<\/ul>\n<h1>Versi\u00f3n 3.0.241 (09\/03\/2022)<\/h1>\n<ul>\n<li>Optimizaci\u00f3n del programa.<\/li>\n<li>Mejora de los movimientos de la c\u00e1mara.<\/li>\n<\/ul>\n<h1>Versi\u00f3n 3.0.239 (20\/12\/2021)<\/h1>\n<ul>\n<li>JWST (disponible tras el lanzamiento), TESS y las misiones Kepler.<\/li>\n<\/ul>\n<h1>Versi\u00f3n 3.0.238 (29\/11\/2021)<\/h1>\n<ul>\n<li>Cajas de informaci\u00f3n m\u00e1s detalladas.<\/li>\n<\/ul>\n<h1>Versi\u00f3n 3.0.236 (20\/11\/2021)<\/h1>\n<ul>\n<li>Im\u00e1genes actualizadas de los principales objetos del cielo profundo.<\/li>\n<li>Copia local de la base de datos de W3 para limitar los accesos del programa a Internet.<\/li>\n<\/ul>\n<h1>Versi\u00f3n 3.0.234 (05\/11\/2021)<\/h1>\n<ul>\n<li>Mejora de la representaci\u00f3n de las superficies planetarias.<\/li>\n<li>Varias mejoras.<\/li>\n<\/ul>\n<h1>Versi\u00f3n 3.0.233 (01\/11\/2021)<\/h1>\n<ul>\n<li>Correcci\u00f3n de errores.<\/li>\n<li>Varias mejoras.<\/li>\n<\/ul>\n<h1>Versi\u00f3n 3.0.230 (24\/10\/2021)<\/h1>\n<ul>\n<li>Representaci\u00f3n en relieve de algunos sat\u00e9lites de J\u00fapiter y Saturno.<\/li>\n<li>Varias mejoras.<\/li>\n<\/ul>\n<h1>Versi\u00f3n 3.0.227 (04\/10\/2021)<\/h1>\n<ul>\n<li>Los objetos ya no est\u00e1n bloqueados por defecto.<\/li>\n<li>Varias mejoras.<\/li>\n<\/ul>\n<h1>Versi\u00f3n 3.0.225 (29\/09\/2021)<\/h1>\n<ul>\n<li>Misi\u00f3n Rosetta.<\/li>\n<li>Varias mejoras.<\/li>\n<\/ul>\n<h1>Versi\u00f3n 3.0.223 (17\/09\/2021)<\/h1>\n<ul>\n<li>Fuentes mucho m\u00e1s n\u00edtidas.<\/li>\n<li>35000 asteroides m\u00e1s.<\/li>\n<li>Programa m\u00e1s r\u00e1pido en algunas configuraciones.<\/li>\n<\/ul>\n<h1>Versi\u00f3n 3.0.222 (15\/09\/2021)<\/h1>\n<ul>\n<li>Optimizaci\u00f3n de la visualizaci\u00f3n en 3D de la superficie de la Tierra, Marte y de la Luna.<\/li>\n<li>Android (versi\u00f3n de pago): ahora es posible visualizar la superficie en 3D tamb\u00eden, pero requiere un dispositivo compatible con openGL ES 3.2 o m\u00e1s.<\/li>\n<\/ul>\n<h1>Versi\u00f3n 3.0.220 (11\/09\/2021)<\/h1>\n<ul>\n<li>En la versi\u00f3n de pago, los asteroides y cometas aparecen representados individualmente en 3D mediante diferentes m\u00e9todos: im\u00e1genes espaciales, im\u00e1genes de radar o curvas de luz (limitado a n\u00fameros de identificaci\u00f3n &lt; 100 por ahora).<\/li>\n<\/ul>\n<h1>Versi\u00f3n 3.0.219 (28\/08\/2021)<\/h1>\n<ul>\n<li>Zoom m\u00e1s eficaz.<\/li>\n<li>Android: se necesitan menos permisos para instalar W3.<\/li>\n<li>Android: uso del formato .aab para reducir el tama\u00f1o de las actualizaciones.<\/li>\n<\/ul>\n<h1>Versi\u00f3n 3.0.218 (15\/07\/2021)<\/h1>\n<ul>\n<li>Correcci\u00f3n de un problema que afectaba a la visualizaci\u00f3n de los planetas en el modo planetario.<\/li>\n<li>Varias mejoras.<\/li>\n<\/ul>\n<h1>Versi\u00f3n 3.0.207 (21\/05\/2021)<\/h1>\n<ul>\n<li>Nuevo men\u00fa (Android 3).<\/li>\n<li>Correcci\u00f3n de errores.<\/li>\n<\/ul>\n<h1>Versi\u00f3n 3.0.204 (22\/04\/2021)<\/h1>\n<ul>\n<li>Se ha mejorado la visualizaci\u00f3n de las estrellas (en particular, ahora es posible ajustar la saturaci\u00f3n de los colores).<\/li>\n<\/ul>\n<h1>Versi\u00f3n 3.0.203 (16\/04\/2021)<\/h1>\n<ul>\n<li>WinStars 3 es ahora compatible con los nano-ordenadores Raspberry Pi 4 y 400.<\/li>\n<li>Mejora de la interfaz.<\/li>\n<\/ul>\n<h1>Versi\u00f3n 3.0.199 (06\/04\/2021)<\/h1>\n<ul>\n<li>DSS en color.<\/li>\n<li>Mejora de la interfaz.<\/li>\n<\/ul>\n<h1>Versi\u00f3n 3.0.196 (01\/04\/2021)<\/h1>\n<ul>\n<li>Nuevos ajustes disponibles en Visualizaci\u00f3n\/Ajustes.<\/li>\n<\/ul>\n<h1>Versi\u00f3n 3.0.192 (21\/03\/2021)<\/h1>\n<ul>\n<li>Cuadro de configuraci\u00f3n de fuentes y colores mejorado.<\/li>\n<\/ul>\n<h1>Versi\u00f3n 3.0.191 (15\/03\/2021)<\/h1>\n<ul>\n<li>Nueva presentaci\u00f3n de los cuadros de di\u00e1logo.<\/li>\n<li>Android: nuevo sistema de men\u00fas.<\/li>\n<\/ul>\n<h1>Versi\u00f3n 3.0.189 (13\/02\/2021)<\/h1>\n<ul>\n<li>Nuevo men\u00fa (cl\u00e1sico) para eliminar los iconos.<\/li>\n<li>Mejora de la interfaz.<\/li>\n<\/ul>\n<h1>Versi\u00f3n 3.0.188 (30\/01\/2021)<\/h1>\n<ul>\n<li>Actualizaci\u00f3n del cat\u00e1logo Gaia (EDR3 &#8211; <a href=\"https:\/\/arxiv.org\/pdf\/2012.01533.pdf\">https:\/\/arxiv.org\/pdf\/2012.01533.pdf<\/a>).<\/li>\n<\/ul>\n<h1>Versi\u00f3n 3.0.187 (21\/01\/2021)<\/h1>\n<ul>\n<li>Traducci\u00f3n al b\u00falgaro (\u00a1 gracias Georgi ! )<\/li>\n<\/ul>\n<h1>Versi\u00f3n 3.0.183 (13\/01\/2021)<\/h1>\n<ul>\n<li>Visualizaci\u00f3n del texto m\u00e1s r\u00e1pida.<\/li>\n<li>El programa visita regularmente un sitio meteorol\u00f3gico para recuperar autom\u00e1ticamente la presi\u00f3n y la temperatura del lugar de observaci\u00f3n.<\/li>\n<li>Correcci\u00f3n de un error que afecta a la entrada de n\u00fameros negativos en los cuadros de di\u00e1logo.<\/li>\n<li>Nuevos atajos.<\/li>\n<li>Varias mejoras.<\/li>\n<\/ul>\n<h1>Versi\u00f3n 3.0.182 (06\/01\/2021)<\/h1>\n<ul>\n<li>Ahora es posible seleccionar un objeto manteniendo una presi\u00f3n larga sobre \u00e9l.<\/li>\n<li>Mejora de la visualizaci\u00f3n de las estrellas en 3D cuando se mueven entre ellas.<\/li>\n<li>Varias mejoras.<\/li>\n<\/ul>\n<h1>Versi\u00f3n 3.0.181 (30\/12\/2020)<\/h1>\n<ul>\n<li>Mejora muy notable del rendimiento de los gr\u00e1ficos. W3 ahora funciona en todos los dispositivos Android.<\/li>\n<li>Correcci\u00f3n de errores.<\/li>\n<li>Varias mejoras.<\/li>\n<\/ul>\n<h1>Versi\u00f3n 3.0.180 (22\/12\/2020)<\/h1>\n<ul>\n<li>Nuevas optimizaciones.<\/li>\n<\/ul>\n<h1>Versi\u00f3n 3.0.176 (16\/12\/2020)<\/h1>\n<ul>\n<li>Mejoras en el rendimiento.<\/li>\n<li>Varias mejoras.<\/li>\n<\/ul>\n<h1>Versi\u00f3n 3.0.173 (03\/12\/2020)<\/h1>\n<ul>\n<li>Mejora del cuadro de b\u00fasqueda (Ahora se puede escribir un nombre sin los acentos).<\/li>\n<li>Mejoras en el rendimiento.<\/li>\n<li>Varias mejoras.<\/li>\n<\/ul>\n<h1>Versi\u00f3n 3.0.172 (28\/11\/2020)<\/h1>\n<ul>\n<li>\u00bf Cu\u00e1l es el origen de los nombres de las estrellas ? (recursos educativos)<\/li>\n<\/ul>\n<h1>Versi\u00f3n 3.0.167 (15\/11\/2020)<\/h1>\n<ul>\n<li>Nueva funci\u00f3n &#8220;Esta noche&#8221; (en desarrollo)<\/li>\n<li>Mejoras diversas<\/li>\n<\/ul>\n<h1>Versi\u00f3n 3.0.166 (31\/10\/2020)<\/h1>\n<ul>\n<li>Mejora de la representaci\u00f3n de las constelaciones<\/li>\n<li>Actualizaci\u00f3n del cat\u00e1logo OpenNGC<\/li>\n<\/ul>\n<h1>Versi\u00f3n 3.0.165 (27\/10\/2020)<\/h1>\n<ul>\n<li>Nombres de las estrellas en ruso (\u00a1 gracias Sergey !)<\/li>\n<li>Varias correcciones&#8230;<\/li>\n<\/ul>\n<h1>Versi\u00f3n 3.0.162 (21\/10\/2020)<\/h1>\n<ul>\n<li>Iconos para localizar m\u00e1s f\u00e1cilmente los objetos del cielo profundo.<\/li>\n<li>La nueva funci\u00f3n &#8220;aprender astronom\u00eda&#8221; se est\u00e1 desarrollando r\u00e1pidamente.<\/li>\n<li>\u00a1 El programa habla !<\/li>\n<\/ul>\n<h1>Versi\u00f3n 3.0.159 (11\/10\/2020)<\/h1>\n<ul>\n<li>Toma en cuenta de las sugerencias de los usuarios.<\/li>\n<\/ul>\n<h1>Versi\u00f3n 3.0.157 (08\/10\/2020)<\/h1>\n<ul>\n<li>Implementaci\u00f3n de un m\u00f3dulo de ense\u00f1anza de astronom\u00eda (en desarrollo).<\/li>\n<li>Los asteroides y cometas ser\u00e1n gradualmente representados con su verdadera forma.<\/li>\n<li>Correcci\u00f3n de los defectos de la interfaz.<\/li>\n<\/ul>\n<h1>Versi\u00f3n 3.0.154 (20\/09\/2020)<\/h1>\n<ul>\n<li>Las etiquetas de los objetos ya no se superponen.<\/li>\n<li>Android: Arreglado el problema de parpadeo de las ventanas en modo retrato.<\/li>\n<\/ul>\n<h1>Versi\u00f3n 3.0.151 (10\/09\/2020)<\/h1>\n<ul>\n<li>Introducci\u00f3n de una nueva opci\u00f3n para aligerar el texto que aparece en la b\u00f3veda celeste. Esta opci\u00f3n es \u00fatil para peque\u00f1as configuraciones (m\u00f3viles, tabletas, etc.).<\/li>\n<\/ul>\n<h1>Versi\u00f3n 3.0.148 (04\/09\/2020)<\/h1>\n<ul>\n<li>Modo planetario: corrige muchas imperfecciones que aparecen cuando se utiliza un zoom importante (coordenadas inexactas del cursor), mala disposici\u00f3n de las placas DSS, dificultades en la selecci\u00f3n de un objeto).<\/li>\n<li>Modo planetario: la Luna se representa con una mejor resoluci\u00f3n si hay texturas disponibles.<\/li>\n<li>Modo planetario: la superficie del planeta se renderiza m\u00e1s r\u00e1pido.<\/li>\n<\/ul>\n<h1>Versi\u00f3n 3.0.147 (02\/09\/2020)<\/h1>\n<ul>\n<li>WinStars utiliza Indi (https:\/\/indilib.org\/) para controlar los telescopios con macOS.<\/li>\n<\/ul>\n<h1>Versi\u00f3n 3.0.146 (01\/09\/2020)<\/h1>\n<ul>\n<li>WinStars utiliza Indi (https:\/\/indilib.org\/) para controlar los telescopios con Linux.<\/li>\n<li>Arreglos de bugs.<\/li>\n<\/ul>\n<h1>Versi\u00f3n 3.0.145 (24\/08\/2020)<\/h1>\n<ul>\n<li>La interfaz y la visualizaci\u00f3n en 3D funcionan ahora a la misma velocidad. Haciendo clic en una ventana y movi\u00e9ndola hacia la izquierda, ahora es posible cerrarla.<\/li>\n<\/ul>\n<h1>Versi\u00f3n 3.0.144 (22\/08\/2020)<\/h1>\n<ul>\n<li>Correcci\u00f3n de la interfaz<\/li>\n<li>Primeras pruebas iOS<\/li>\n<\/ul>\n<h1>Versi\u00f3n 3.0.141 (02\/08\/2020)<\/h1>\n<ul>\n<li>Visualizaci\u00f3n m\u00e1s r\u00e1pida<\/li>\n<li>Preparaci\u00f3n de una versi\u00f3n iOS<\/li>\n<\/ul>\n<h1>Versi\u00f3n 3.0.138 (01\/07\/2020)<\/h1>\n<ul>\n<li>Android: varias mejoras<\/li>\n<\/ul>\n<h1>Versi\u00f3n 3.0.136 (12\/05\/2020)<\/h1>\n<ul>\n<li>Android: adapta la pantalla seg\u00fan la orientaci\u00f3n del tel\u00e9fono m\u00f3vil<\/li>\n<li>Mejor estabilidad<\/li>\n<\/ul>\n<h1>Versi\u00f3n 3.0.134 (05\/05\/2020)<\/h1>\n<ul>\n<li>Mejora de las fuentes.<\/li>\n<\/ul>\n<h1>Versi\u00f3n 3.0.132 (30\/04\/2020)<\/h1>\n<ul>\n<li>Geologic map of the Moon (US Geological Survey).<\/li>\n<\/ul>\n<h1>Versi\u00f3n 3.0.131 (28\/04\/2020)<\/h1>\n<ul>\n<li>Mejora de la representaci\u00f3n de las \u00f3rbitas.<\/li>\n<\/ul>\n<h1>Versi\u00f3n 3.0.129 (19\/04\/2020)<\/h1>\n<ul>\n<li>Android: Mejora de la interfaz.<\/li>\n<\/ul>\n<h1>Versi\u00f3n 3.0.128 (12\/04\/2020)<\/h1>\n<ul>\n<li>Integraci\u00f3n del modelo planetario DE438 del <em>Jet Propulsion Laboratory<\/em>.<\/li>\n<li>Refactorizaci\u00f3n del c\u00f3digo fuente.<\/li>\n<li>Correcci\u00f3n de errores.<\/li>\n<\/ul>\n<h1>Versi\u00f3n 3.0.121 (06\/03\/2020)<\/h1>\n<ul>\n<li>Visualizaci\u00f3n de la megaconstelaci\u00f3n Starlink.<\/li>\n<\/ul>\n<h1>Versi\u00f3n 3.0.118 (24\/02\/2020)<\/h1>\n<ul>\n<li>Introducci\u00f3n de la teselaci\u00f3n: la superficie de los planetas en 3D.<\/li>\n<\/ul>\n<h1>Versi\u00f3n 3.0.115 (11\/02\/2020)<\/h1>\n<ul>\n<li>Nuevo cuadro de di\u00e1logo &#8220;B\u00fasqueda&#8221;.<\/li>\n<li>Mejora del modo &#8220;v\u00eddeo&#8221;.<\/li>\n<li>Windows, Linux: reducci\u00f3n de los datos a descargar durante una actualizaci\u00f3n.<\/li>\n<\/ul>\n<h1>Versi\u00f3n 3.0.113 (07\/02\/2020)<\/h1>\n<ul>\n<li>Mejoramiento del color del cielo seg\u00fan la hora del d\u00eda.<\/li>\n<li>Varias mejoras.<\/li>\n<\/ul>\n<h1>Versi\u00f3n 3.0.110 (25\/01\/2020)<\/h1>\n<ul>\n<li>Transici\u00f3n a los est\u00e1ndares gr\u00e1ficos OpenGL 3.3 para las versiones desktop y OpenGL ES 3.0 para las versiones m\u00f3viles.<\/li>\n<li>Uso de<em> Vertex Array Objects<\/em> para acelerar la visualizaci\u00f3n de las estrellas.<\/li>\n<li>Mejora de la representaci\u00f3n de Saturno.<\/li>\n<li>Se ha corregido un error que afectaba a la b\u00fasqueda de objetos.<\/li>\n<li>Android: \u00a1 los cuadros de di\u00e1logo nunca aceptaron la entrada de texto con el teclado virtual !<\/li>\n<li>Se ha corregido un error que hac\u00eda que las estrellas de magnitud superior a 13 se mostraran varias veces y, en consecuencia, ralentizaba considerablemente el programa.<\/li>\n<li>Varias mejoras.<\/li>\n<\/ul>\n<h1>Versi\u00f3n 3.0.106 (15\/01\/2020)<\/h1>\n<ul>\n<li>Se han corregido los errores que afectaban al modo de pantalla completa.<\/li>\n<\/ul>\n<h1>Versi\u00f3n 3.0.105 (12\/01\/2020)<\/h1>\n<ul>\n<li>Haciendo doble clic en el nombre de un objeto, ahora puede seleccionar un objeto.<\/li>\n<\/ul>\n<h1>Versi\u00f3n 3.0.104 (26\/12\/2019)<\/h1>\n<ul>\n<li>Magnitud de Betelgeuse en tiempo real.<\/li>\n<li>Modificaci\u00f3n de la caja <em>Animaciones<\/em>.<\/li>\n<li>Nuevo icono en el sistema de men\u00fas utilizado para invertir el paso del tiempo.<\/li>\n<\/ul>\n<h1>Versi\u00f3n 3.0.102 (11\/12\/2019)<\/h1>\n<ul>\n<li>Arreglado un problema con la caja <em>Presentaci\u00f3n<\/em>.<\/li>\n<\/ul>\n<h1>Versi\u00f3n 3.0.101 (10\/12\/2019)<\/h1>\n<ul>\n<li>Introducci\u00f3n de la correcci\u00f3n de tiempo delta T por Espenak y Meeus (2006).<\/li>\n<li>Para un mayor uso en PCs con pantalla t\u00e1ctil, invierta el doble clic izquierdo y derecho del rat\u00f3n.<\/li>\n<li>Actualizaci\u00f3n de las librer\u00edas utilizadas por WinStars (Assimp, Quazip, zlib, Freetype).<\/li>\n<li>Documentaci\u00f3n en l\u00ednea.<\/li>\n<li>Varias mejoras.<\/li>\n<\/ul>\n<h1>Versi\u00f3n 3.0.100 (19\/11\/2019)<\/h1>\n<ul>\n<li>Mejora del rendimiento<\/li>\n<\/ul>\n<h1>Versi\u00f3n 3.0.99 (15\/11\/2019)<\/h1>\n<ul>\n<li>Mejora del rendimiento<\/li>\n<\/ul>\n<h1>Versi\u00f3n 3.0.98 (13\/11\/2019)<\/h1>\n<ul>\n<li>Mejora del rendimiento<\/li>\n<li>Android: mejor visualizaci\u00f3n de los men\u00fas<\/li>\n<\/ul>\n<h1>Versi\u00f3n 3.0.97 (05\/11\/2019)<\/h1>\n<ul>\n<li><span style=\"display: inline !important; float: none; background-color: #ffffff; color: #333333; cursor: text; font-family: 'Libre Franklin','Helvetica Neue',helvetica,arial,sans-serif; font-size: 16px; font-style: normal; font-variant: normal; font-weight: 400; letter-spacing: normal; orphans: 2; text-align: left; text-decoration: none; text-indent: 0px; text-transform: none; -webkit-text-stroke-width: 0px; white-space: normal; word-spacing: 0px;\">Modificaci\u00f3n de la interfaz <\/span><\/li>\n<\/ul>\n<h1>Versi\u00f3n 3.0.96 (21\/10\/2019)<\/h1>\n<ul>\n<li>Mejor representaci\u00f3n de fuentes<\/li>\n<li>Mejor Framerate<\/li>\n<\/ul>\n<h1>Versi\u00f3n 3.0.94 (19\/10\/2019)<\/h1>\n<ul>\n<li>Modificaci\u00f3n de la interfaz (tama\u00f1o y colores de las fuentes, ancho ajustable de la caja &#8220;Informaci\u00f3n&#8221;).<\/li>\n<li>Mejora de la caja &#8220;Efem\u00e9rides.<\/li>\n<li>Android : mejora del modo &#8220;realidad virtual&#8221;.<\/li>\n<\/ul>\n<h1>Versi\u00f3n 3.0.93 (10\/08\/2019)<\/h1>\n<ul>\n<li>Mejora del funcionamiento del programa en ruso.<\/li>\n<\/ul>\n<h1>Versi\u00f3n 3.0.90 (20\/07\/2019)<\/h1>\n<ul>\n<li>M\u00f3dulo Apolo 11 : un peque\u00f1o homenaje a los primeros pasos en la Luna.<\/li>\n<li>Traducci\u00f3n del sitio y del software al ruso. \u00a1 Gracias Sergey !<\/li>\n<\/ul>\n<h1>Versi\u00f3n 3.0.89 (19\/07\/2019)\u00a0<\/h1>\n<ul>\n<li>Android: versiones compiladas optimizadas para procesadores arm64-v8a y x86<\/li>\n<li>M\u00f3dulo de c\u00e1lculo de alta precisi\u00f3n DE406<\/li>\n<\/ul>\n<h1>Versi\u00f3n 3.0.88 (16\/07\/2019)\u00a0<\/h1>\n<ul>\n<li>M\u00f3dulo Gal\u00e1ctico: Explora grandes c\u00famulos de galaxias en 3D<\/li>\n<\/ul>\n<h1>Versi\u00f3n 3.0.86 (17\/06\/2019)\u00a0<\/h1>\n<ul>\n<li>Orientaci\u00f3n del Hubble en tiempo real<\/li>\n<\/ul>\n<h1>Versi\u00f3n 3.0.85 (10\/06\/2019)\u00a0<\/h1>\n<ul>\n<li>La versi\u00f3n alemana est\u00e1 completa (\u00a1gracias Pedro!)<\/li>\n<li>Preparaci\u00f3n de la navegaci\u00f3n en 3D entre las galaxias del cat\u00e1logo EDD<\/li>\n<\/ul>\n<h1>Versi\u00f3n 3.0.84 (01\/06\/2019)\u00a0<\/h1>\n<ul>\n<li>Las cuadr\u00edculas azimutal &amp; ecuatorial finalmente tienen etiquetas<\/li>\n<\/ul>\n<h1>Versi\u00f3n 3.0.83 (28\/05\/2019)\u00a0<\/h1>\n<ul>\n<li>Nuevo cat\u00e1logo del cielo profundo (OpenNGC)<\/li>\n<\/ul>\n<h1>Versi\u00f3n 3.0.81 (21\/05\/2019)\u00a0<\/h1>\n<ul>\n<li>Refactorizaci\u00f3n del c\u00f3digo fuente<\/li>\n<li>Traducci\u00f3n al alem\u00e1n (\u00a1gracias Pedro G\u00f3mez!)<\/li>\n<\/ul>\n<h1>Versi\u00f3n 3.0.79 (02\/05\/2019)<\/h1>\n<ul>\n<li>Navegaci\u00f3n en 3D mejorada entre las estrellas<\/li>\n<li>Descompresi\u00f3n optimizada de los m\u00f3dulos<\/li>\n<\/ul>\n<h1>Versi\u00f3n 3.0.78 (27\/04\/2019)<\/h1>\n<ul>\n<li>La rotaci\u00f3n alrededor de los objetos ahora es m\u00e1s f\u00e1cil con el rat\u00f3n<\/li>\n<li>Correcci\u00f3n de errores<\/li>\n<\/ul>\n<h1>Versi\u00f3n 3.0.75 (19\/04\/2019)<\/h1>\n<ul>\n<li>Incorporaci\u00f3n del cat\u00e1logo Gaia DR 2<\/li>\n<li>Actualizaci\u00f3n del cat\u00e1logo SAC<\/li>\n<li>Mejoras varias<\/li>\n<\/ul>\n<h1>Versi\u00f3n 3.0.74 (27\/03\/2019)<\/h1>\n<ul>\n<li>Mejora de la representaci\u00f3n de la superficie de los planetas<\/li>\n<li>Visualizaci\u00f3n optimizada de objetos 3D<\/li>\n<li>Correcci\u00f3n de errores<\/li>\n<\/ul>\n<h1>Versi\u00f3n 3.0.72 (07\/03\/2019)<\/h1>\n<ul>\n<li>Los sat\u00e9lites son visibles desde el modo planetario.<\/li>\n<li>Todav\u00eda en modo planetario, la superficie de la Luna se representa ahora usando texturas de alta resoluci\u00f3n. Tambi\u00e9n se muestran los nombres de los lugares.<\/li>\n<li>Visualizaci\u00f3n mejorada de los objetos 3D<\/li>\n<\/ul>\n<h1>Versi\u00f3n 3.0.68 (14\/02\/2019)<\/h1>\n<ul>\n<li>Muestra la posici\u00f3n de muchos sat\u00e9lites artificiales alrededor de la Tierra.<\/li>\n<li>WinStars funcionar\u00e1 incluso en caso de fallo del servidor principal.<\/li>\n<\/ul>\n<h1>Versi\u00f3n 3.0.67 (27\/01\/2019)<\/h1>\n<ul>\n<li>Nueva opci\u00f3n de men\u00fa (Mantenimiento) para restablecer todos los ajustes, borrar la cach\u00e9 o desinstalar el programa.<\/li>\n<\/ul>\n<h1>Versi\u00f3n 3.0.66 (25\/01\/2019)<\/h1>\n<ul>\n<li>Dibujo de l\u00edneas m\u00e1s r\u00e1pido<\/li>\n<\/ul>\n<h1>Versi\u00f3n 3.0.65 (23\/01\/2019)<\/h1>\n<ul>\n<li>Visualizaci\u00f3n de texto m\u00e1s r\u00e1pida<\/li>\n<\/ul>\n<h1>Versi\u00f3n 3.0.64 (21\/01\/2019)<\/h1>\n<ul>\n<li>Selecci\u00f3n mejorada de los objetos en modo planetario<\/li>\n<li>Mejora de la interfaz<\/li>\n<\/ul>\n<h1>Versi\u00f3n 3.0.63 (18\/01\/2019)<\/h1>\n<ul>\n<li>Mejora de la interfaz<\/li>\n<\/ul>\n<h1>Versi\u00f3n 3.0.62 (14\/01\/2019)<\/h1>\n<ul>\n<li>Compatible con el formato de objeto 3D blender<\/li>\n<li>Modelo detallado de la Estaci\u00f3n Espacial Internacional<\/li>\n<li>Se han corregido errores menores relacionados con asteroides y cometas<\/li>\n<\/ul>\n<h1>Versi\u00f3n 3.0.61 (12\/01\/2019)<\/h1>\n<ul>\n<li>Nuevo cuadro de di\u00e1logo &#8220;Situaci\u00f3n geogr\u00e1fica&#8221;<\/li>\n<\/ul>\n<h1>Versi\u00f3n 3.0.60 (07\/01\/2019)<\/h1>\n<ul>\n<li>Nuevos paisajes<\/li>\n<li>Mejoras en la interfaz<\/li>\n<li>Se corrigi\u00f3 un problema con los cuadros blancos que se mostraban en los gr\u00e1ficos Intel HD.<\/li>\n<\/ul>\n<h1>Versi\u00f3n 3.0.58 (04\/01\/2019)<\/h1>\n<ul>\n<li>Arreglado un problema con las texturas de los objetos 3D<\/li>\n<li>Mejora del efecto ojo de pez<\/li>\n<\/ul>\n<h1>Versi\u00f3n 3.0.57 (02\/01\/2019)<\/h1>\n<ul>\n<li>Nuevas optimizaciones<\/li>\n<li>Correcci\u00f3n de errores<\/li>\n<\/ul>\n<h1>Versi\u00f3n 3.0.56 (22\/12\/2018)<\/h1>\n<ul>\n<li>Esta versi\u00f3n maneja objetos de formato fbx y mejora la velocidad del renderizado 3D.<\/li>\n<\/ul>\n<h1>Versi\u00f3n 3.0.55 (04\/09\/2018)<\/h1>\n<ul>\n<li>Corregido un bloqueo al inicio<\/li>\n<\/ul>\n<h1>Versi\u00f3n 3.0.53 (02\/09\/2018)<\/h1>\n<ul>\n<li>Android : nuevo sistema de men\u00fas<\/li>\n<li>Renderizado de estrellas m\u00e1s r\u00e1pido<\/li>\n<li>Mejora del funcionamiento del programa en modo ventana<\/li>\n<\/ul>\n<h1>Versi\u00f3n 3.0.52 (25\/08\/2018)<\/h1>\n<ul>\n<li>Nueva t\u00e9cnica para la representaci\u00f3n de superficies planetarias<\/li>\n<li>Nuevas texturas<\/li>\n<li>Reflejo del sol en los oc\u00e9anos<\/li>\n<li>Muestra los nombres de cr\u00e1teres, llanuras y grietas visibles en la superficie de planetas y sat\u00e9lites<\/li>\n<li>Se corrigi\u00f3 un error que afectaba a los cometas y asteroides<\/li>\n<\/ul>\n","protected":false},"excerpt":{"rendered":"<p>Versi\u00f3n 3.0.304 (14\/01\/2025) Varias correcciones y mejoras. Versi\u00f3n 3.0.301 (28\/12\/2023) Varias correcciones y mejoras. Versi\u00f3n 3.0.293 (20\/10\/2023) Todas las compilaciones utilizan Qt 6.5 (excepto la versi\u00f3n para Windows x86, que se mantiene en Qt 5.11 por razones de compatibilidad). Mejor gesti\u00f3n de los sat\u00e9lites artificiales. El programa gestiona ya 40.000 asteroides. Versi\u00f3n 3.0.292 (13\/09\/2023) \u00a1WinStars &hellip; <\/p>\n<p class=\"link-more\"><a href=\"https:\/\/winstars.net\/es\/historial-de-las-revisiones\/\" class=\"more-link\">Continuar leyendo<span class=\"screen-reader-text\"> &#8220;Historial de las revisiones&#8221;<\/span><\/a><\/p>\n","protected":false},"author":1,"featured_media":0,"parent":0,"menu_order":0,"comment_status":"closed","ping_status":"closed","template":"","meta":{"footnotes":""},"class_list":["post-137","page","type-page","status-publish","hentry"],"_links":{"self":[{"href":"https:\/\/winstars.net\/es\/wp-json\/wp\/v2\/pages\/137","targetHints":{"allow":["GET"]}}],"collection":[{"href":"https:\/\/winstars.net\/es\/wp-json\/wp\/v2\/pages"}],"about":[{"href":"https:\/\/winstars.net\/es\/wp-json\/wp\/v2\/types\/page"}],"author":[{"embeddable":true,"href":"https:\/\/winstars.net\/es\/wp-json\/wp\/v2\/users\/1"}],"replies":[{"embeddable":true,"href":"https:\/\/winstars.net\/es\/wp-json\/wp\/v2\/comments?post=137"}],"version-history":[{"count":165,"href":"https:\/\/winstars.net\/es\/wp-json\/wp\/v2\/pages\/137\/revisions"}],"predecessor-version":[{"id":1319,"href":"https:\/\/winstars.net\/es\/wp-json\/wp\/v2\/pages\/137\/revisions\/1319"}],"wp:attachment":[{"href":"https:\/\/winstars.net\/es\/wp-json\/wp\/v2\/media?parent=137"}],"curies":[{"name":"wp","href":"https:\/\/api.w.org\/{rel}","templated":true}]}}