{"id":11,"date":"2017-11-15T10:57:27","date_gmt":"2017-11-15T09:57:27","guid":{"rendered":"https:\/\/winstars.net\/es\/?page_id=11"},"modified":"2023-09-14T15:30:06","modified_gmt":"2023-09-14T13:30:06","slug":"encontrar-un-sito-en-el-universo","status":"publish","type":"page","link":"https:\/\/winstars.net\/es\/","title":{"rendered":"Todo el Universo en su ordenador"},"content":{"rendered":"<div class=\"relative flex w-[calc(100%-50px)] flex-col gap-1 md:gap-3 lg:w-[calc(100%-115px)]\">\n<div class=\"flex flex-grow flex-col gap-3\">\n<div class=\"min-h-[20px] flex flex-col items-start gap-4 whitespace-pre-wrap\">\n<div class=\"markdown prose w-full break-words dark:prose-invert dark\">\n<p>WinStars es un planetario multiplataforma libre que representa de manera precisa los objetos celestes en un momento dado. Tambi\u00e9n permite viajar virtualmente a trav\u00e9s de nuestro sistema solar, la V\u00eda L\u00e1ctea y los c\u00famulos de galaxias m\u00e1s cercanos. Adem\u00e1s, un hilo dedicado a las noticias cient\u00edficas permite seguir y representar los \u00faltimos descubrimientos en astrof\u00edsica en el software. WinStars es un software en constante evoluci\u00f3n. Se a\u00f1aden regularmente nuevas funciones para convertirlo en una herramienta dedicada al descubrimiento de nuestro Universo.<\/p>\n<\/div>\n<\/div>\n<\/div>\n<\/div>\n","protected":false},"excerpt":{"rendered":"<p>WinStars es un planetario multiplataforma libre que representa de manera precisa los objetos celestes en un momento dado. Tambi\u00e9n permite viajar virtualmente a trav\u00e9s de nuestro sistema solar, la V\u00eda L\u00e1ctea y los c\u00famulos de galaxias m\u00e1s cercanos. Adem\u00e1s, un hilo dedicado a las noticias cient\u00edficas permite seguir y representar los \u00faltimos descubrimientos en astrof\u00edsica &hellip; <\/p>\n<p class=\"link-more\"><a href=\"https:\/\/winstars.net\/es\/\" class=\"more-link\">Continuar leyendo<span class=\"screen-reader-text\"> &#8220;Todo el Universo en su ordenador&#8221;<\/span><\/a><\/p>\n","protected":false},"author":1,"featured_media":1025,"parent":0,"menu_order":0,"comment_status":"closed","ping_status":"closed","template":"","meta":{"footnotes":""},"class_list":["post-11","page","type-page","status-publish","has-post-thumbnail","hentry"],"_links":{"self":[{"href":"https:\/\/winstars.net\/es\/wp-json\/wp\/v2\/pages\/11","targetHints":{"allow":["GET"]}}],"collection":[{"href":"https:\/\/winstars.net\/es\/wp-json\/wp\/v2\/pages"}],"about":[{"href":"https:\/\/winstars.net\/es\/wp-json\/wp\/v2\/types\/page"}],"author":[{"embeddable":true,"href":"https:\/\/winstars.net\/es\/wp-json\/wp\/v2\/users\/1"}],"replies":[{"embeddable":true,"href":"https:\/\/winstars.net\/es\/wp-json\/wp\/v2\/comments?post=11"}],"version-history":[{"count":22,"href":"https:\/\/winstars.net\/es\/wp-json\/wp\/v2\/pages\/11\/revisions"}],"predecessor-version":[{"id":1278,"href":"https:\/\/winstars.net\/es\/wp-json\/wp\/v2\/pages\/11\/revisions\/1278"}],"wp:featuredmedia":[{"embeddable":true,"href":"https:\/\/winstars.net\/es\/wp-json\/wp\/v2\/media\/1025"}],"wp:attachment":[{"href":"https:\/\/winstars.net\/es\/wp-json\/wp\/v2\/media?parent=11"}],"curies":[{"name":"wp","href":"https:\/\/api.w.org\/{rel}","templated":true}]}}